{"id":2,"date":"2015-02-02T02:01:17","date_gmt":"2015-02-02T02:01:17","guid":{"rendered":"http:\/\/totaltheme.wpengine.com\/married\/?page_id=2"},"modified":"2025-05-24T17:40:44","modified_gmt":"2025-05-24T17:40:44","slug":"home","status":"publish","type":"page","link":"https:\/\/boda.photobooth.com.ec\/","title":{"rendered":"Home"},"content":{"rendered":"<div class=\"wpb-content-wrapper\">[vc_row full_width=\u00bbstretch_row\u00bb full_height=\u00bbyes\u00bb bg_style=\u00bbstretch\u00bb css=\u00bb.vc_custom_1546919258676{padding-top: 250px !important;padding-bottom: 220px !important;background: #413028 url(https:\/\/boda.photobooth.com.ec\/wp-content\/uploads\/2015\/02\/wed1.jpg?id=7) !important;background-position: center !important;background-repeat: no-repeat !important;background-size: cover !important;}\u00bb local_scroll_id=\u00bbwhat\u00bb][vc_column][vc_custom_heading text=\u00bbMARTINA &amp; FELIPE\u00bb font_container=\u00bbtag:h2|font_size:24px|text_align:center|color:%23fe8b6e\u00bb google_fonts=\u00bbfont_family:Oswald%3A300%2Cregular%2C700|font_style:400%20regular%3A400%3Anormal\u00bb css=\u00bb\u00bb enqueue_font_style=\u00bbfalse\u00bb]<style>.vcex-heading.vcex_69ff30179afdc{color:#ffffff;font-size:64px;font-family:Oswald;}@media (max-width:959px){.vcex-heading.vcex_69ff30179afdc{font-size:42px;}}<\/style><div class=\"vcex-heading vcex-heading-plain vcex-module wpex-heading wpex-text-2xl wpex-text-center vcex_69ff30179afdc\"><span class=\"vcex-heading-inner wpex-inline-block\">\u00a1NOS CASAMOS!<\/span><\/div>[vc_column_text css=\u00bb\u00bb color=\u00bb#eaeaea\u00bb]\n<p style=\"text-align: center;\"><span style=\"font-size: 24px;\">2026.Manta.Ecuador<\/span><\/p>\n[\/vc_column_text][\/vc_column][\/vc_row][vc_row full_width=\u00bbstretch_row\u00bb full_height=\u00bbyes\u00bb css=\u00bb.vc_custom_1489539469223{padding-top: 100px !important;padding-bottom: 70px !important;}\u00bb local_scroll_id=\u00bbwhy\u00bb][vc_column]<style>.vcex-heading.vcex_69ff30179cda2{color:#413028;font-size:48px;font-family:Oswald;font-weight:600;}<\/style><div class=\"vcex-heading vcex-heading-plain vcex-module wpex-heading wpex-text-2xl wpex-text-center vcex_69ff30179cda2\"><span class=\"vcex-heading-inner wpex-inline-block\">NUESTRA HISTORIA DE AMOR<\/span><\/div><style>.vcex-heading.vcex_69ff30179d836{color:#fe8b6e;font-size:24px;font-family:Oswald;}<\/style><div class=\"vcex-heading vcex-heading-plain vcex-module wpex-heading wpex-text-2xl wpex-text-center vcex_69ff30179d836\"><span class=\"vcex-heading-inner wpex-inline-block\">EST\u00c1BAMOS DESTINADOS A ESTAR JUNTOS<\/span><\/div><div class=\"vcex-spacing wpex-w-100 wpex-clear\" style=\"height:10px;\"><\/div><div class=\"vcex-spacing wpex-w-100 wpex-clear\" style=\"height:10px;\"><\/div>[vc_column_text css=\u00bb\u00bb text_align=\u00bbcenter\u00bb el_class=\u00bbwpex-text-pretty\u00bb]Nuestra historia de amor comenz\u00f3 de la manera m\u00e1s inesperada, demostrando que el destino siempre tiene un plan hermoso. Nos conocimos por casualidad en una reuni\u00f3n de un amigo en com\u00fan, donde una conversaci\u00f3n casual se transform\u00f3 en una noche m\u00e1gica que ninguno de los dos quer\u00eda que terminara. A medida que los d\u00edas se convirtieron en meses, lo que empez\u00f3 con risas e intereses compartidos creci\u00f3 hasta convertirse en una conexi\u00f3n profunda, construida sobre el respeto mutuo, la admiraci\u00f3n y, sobre todo, una amistad genuina. Cada etapa que hemos alcanzado juntos ha fortalecido el lazo que compartimos, y no pas\u00f3 mucho tiempo antes de darnos cuenta de que hab\u00edamos encontrado algo verdaderamente especial.<\/p>\n<p>Desde viajes espont\u00e1neos por carretera hasta noches tranquilas en casa, hemos atesorado cada momento que hemos pasado el uno al lado del otro. Nuestro camino ha estado lleno de aventuras, desaf\u00edos y un sinf\u00edn de recuerdos que nos recuerdan por qu\u00e9 nos enamoramos. Nos hemos apoyado mutuamente en los altibajos de la vida, celebrando cada victoria y superando cada obst\u00e1culo como un verdadero equipo. Cada d\u00eda ha sido un recordatorio de lo afortunados que somos de haber encontrado a alguien que realmente nos comprende e inspira a ser la mejor versi\u00f3n de nosotros mismos.<\/p>\n<p>Mientras nos preparamos para dar el siguiente paso en nuestro camino juntos, reflexionamos sobre todos los momentos que nos han llevado hasta este incre\u00edble hito. Nuestros corazones est\u00e1n llenos de gratitud por el amor y el apoyo de nuestra familia y amigos, quienes han sido parte de nuestra historia. No podemos esperar para seguir construyendo una vida juntos, creando nuevos recuerdos y honrando el compromiso que hacemos hoy y cada d\u00eda en adelante. Este es solo el comienzo del pr\u00f3ximo cap\u00edtulo de nuestra hermosa historia de amor, y estamos muy emocionados de escribirlo juntos.<br \/>\n[\/vc_column_text][\/vc_column][\/vc_row][vc_row full_width=\u00bbstretch_row\u00bb column_spacing=\u00bb0px\u00bb full_height=\u00bbyes\u00bb typography_style=\u00bbnone\u00bb style=\u00bblight\u00bb bg_style=\u00bbstretch\u00bb css=\u00bb.vc_custom_1546919273343{padding-top: 150px !important;padding-bottom: 150px !important;background: #413028 url(https:\/\/boda.photobooth.com.ec\/wp-content\/uploads\/2015\/02\/wed4-e1423177421261.jpg?id=8) !important;background-position: center !important;background-repeat: no-repeat !important;background-size: cover !important;}\u00bb local_scroll_id=\u00bbwhen\u00bb][vc_column][vc_column_text]\n<p style=\"text-align: center;\"><span style=\"font-size: 24px; color: #fe8b6e;\">Save The Date<\/span><\/p>\n[\/vc_column_text]<style>.vcex-heading.vcex_69ff30179e594{color:#ffffff;font-size:48px;font-family:Oswald;}<\/style><div class=\"vcex-heading vcex-heading-plain vcex-module wpex-heading wpex-text-2xl wpex-text-center vcex_69ff30179e594\"><span class=\"vcex-heading-inner wpex-inline-block\">20.DICIEMBRE.2025<\/span><\/div><div class=\"vcex-spacing wpex-w-100 wpex-clear\" style=\"height:10px;\"><\/div>[\/vc_column][\/vc_row][vc_row full_width=\u00bbstretch_row\u00bb column_spacing=\u00bb0px\u00bb full_height=\u00bbyes\u00bb css=\u00bb.vc_custom_1489539477451{padding-top: 100px !important;padding-bottom: 100px !important;}\u00bb local_scroll_id=\u00bbwhat\u00bb][vc_column]<style>.vcex-heading.vcex_69ff30179f0ce{color:#413028;font-size:48px;font-family:Oswald;font-weight:600;}<\/style><div class=\"vcex-heading vcex-heading-plain vcex-module wpex-heading wpex-text-2xl wpex-text-center vcex_69ff30179f0ce\"><span class=\"vcex-heading-inner wpex-inline-block\">ITINERARIO<\/span><\/div><div class=\"vcex-spacing wpex-w-100 wpex-clear\"><\/div><style>.vcex-heading.vcex_69ff30179fc13{color:#fe8b6e;font-size:24px;font-family:Oswald;font-weight:400;}<\/style><div class=\"vcex-heading vcex-heading-plain vcex-module wpex-heading wpex-text-2xl wpex-text-center vcex_69ff30179fc13\"><span class=\"vcex-heading-inner wpex-inline-block\">CENA DE BIENVENIDA<\/span><\/div><div class=\"vcex-spacing wpex-w-100 wpex-clear\" style=\"height:10px;\"><\/div>[vc_column_text css=\u00bb\u00bb]\n<p style=\"text-align: center;\">19.12.2025<br \/>\n8:00pm-9:30pm<br \/>\nRestaurante Pata Salada<br \/>\nHotel Oro Verde Manta<br \/>\nMalec\u00f3n de Manta y Calle 23<br \/>\nManta, Manab\u00ed 130213<\/p>\n[\/vc_column_text]<div class=\"vcex-spacing wpex-w-100 wpex-clear\"><\/div><style>.vcex-heading.vcex_69ff3017a086f{color:#fe8b6e;font-size:24px;font-family:Oswald;font-weight:400;}<\/style><div class=\"vcex-heading vcex-heading-plain vcex-module wpex-heading wpex-text-2xl wpex-text-center vcex_69ff3017a086f\"><span class=\"vcex-heading-inner wpex-inline-block\">CEREMONIA<\/span><\/div><div class=\"vcex-spacing wpex-w-100 wpex-clear\" style=\"height:10px;\"><\/div>[vc_column_text css=\u00bb\u00bb]\n<p style=\"text-align: center;\">20.12.2025<br \/>\n4:00pm-11:00pm<br \/>\nSal\u00f3n Oro Verde<br \/>\nHotel Oro Verde Manta<br \/>\nMalec\u00f3n de Manta y Calle 23<br \/>\nManta, Manab\u00ed 130213<\/p>\n[\/vc_column_text][\/vc_column][\/vc_row][vc_row full_width=\u00bbstretch_row\u00bb full_height=\u00bbyes\u00bb css=\u00bb.vc_custom_1489539481474{padding-top: 100px !important;padding-bottom: 70px !important;background-color: #fcefe7 !important;}\u00bb local_scroll_id=\u00bbwhere\u00bb][vc_column]<style>.vcex-heading.vcex_69ff3017a14ec{color:#413028;font-size:48px;font-family:Oswald;font-weight:600;}<\/style><div class=\"vcex-heading vcex-heading-plain vcex-module wpex-heading wpex-text-2xl wpex-text-center vcex_69ff3017a14ec\"><span class=\"vcex-heading-inner wpex-inline-block\">HOSPEDAJE<\/span><\/div><style>.vcex-heading.vcex_69ff3017a2191{color:#fe8b6e;font-size:24px;font-family:Oswald;font-weight:400;}<\/style><div class=\"vcex-heading vcex-heading-plain vcex-module wpex-heading wpex-text-2xl wpex-text-center vcex_69ff3017a2191\"><span class=\"vcex-heading-inner wpex-inline-block\">QU\u00c9DATE CERCA DE NOSOTROS<\/span><\/div><div class=\"vcex-spacing wpex-w-100 wpex-clear\" style=\"height:20px;\"><\/div>[vc_column_text css=\u00bb\u00bb text_align=\u00bbcenter\u00bb el_class=\u00bbwpex-text-pretty\u00bb]\u00a1Estamos emocionados de celebrar con ustedes! Para su comodidad, hemos coordinado alojamientos cercanos con tarifas especiales en el Hotel Oro Verde Manta. Mencionen nuestra boda al hacer la reserva y h\u00e1ganlo con anticipaci\u00f3n, ya que los cupos son limitados. Pueden encontrar m\u00e1s detalles en <a href=\"https:\/\/www.oroverdemanta.com\/es\/\">Hotel Oro Verde Manta<\/a>. \u00a1No podemos esperar para verlos![\/vc_column_text]<div class=\"vcex-spacing wpex-w-100 wpex-clear\"><\/div>[vc_column_text css=\u00bb\u00bb]\n<p style=\"text-align: center;\"><strong><span style=\"font-size: 24px;\">Manta &#8211; Ecuador<\/span><\/strong><\/p>\n[\/vc_column_text]<div class=\"vcex-spacing wpex-w-100 wpex-clear\" style=\"height:10px;\"><\/div>[vc_column_text css=\u00bb\u00bb]\n<p style=\"text-align: center;\">Hotel Oro Verde Manta<br \/>\nMalec\u00f3n de Manta y Calle 23<br \/>\nManta, Manab\u00ed 130213<\/p>\n<p style=\"text-align: center;\">+593 5 370-1230<\/p>\n[\/vc_column_text][\/vc_column][\/vc_row][vc_row full_width=\u00bbstretch_row\u00bb full_height=\u00bbyes\u00bb css=\u00bb.vc_custom_1489539485895{padding-top: 100px !important;padding-bottom: 70px !important;background-color: #43322b !important;}\u00bb local_scroll_id=\u00bbwho\u00bb][vc_column]<style>.vcex-heading.vcex_69ff3017a33dc{color:#ffffff;font-size:48px;font-family:Oswald;}<\/style><div class=\"vcex-heading vcex-heading-plain vcex-module wpex-heading wpex-text-2xl wpex-text-center vcex_69ff3017a33dc\"><span class=\"vcex-heading-inner wpex-inline-block\">GALERIA<\/span><\/div><style>.vcex-heading.vcex_69ff3017a40f2{color:#fe8b6e;font-size:24px;font-family:Oswald;font-weight:400;}<\/style><div class=\"vcex-heading vcex-heading-plain vcex-module wpex-heading wpex-text-2xl wpex-text-center vcex_69ff3017a40f2\"><span class=\"vcex-heading-inner wpex-inline-block\">FOTOS DE NUESTRO COMPROMISO<\/span><\/div><div class=\"vcex-spacing wpex-w-100 wpex-clear\"><\/div>[vc_column_text css=\u00bb\u00bb color=\u00bb#f7f7f7&#8243; text_align=\u00bbcenter\u00bb]Una colecci\u00f3n de momentos que capturan el comienzo del para siempre. Nuestras fotos de compromiso reflejan el amor, la risa y la alegr\u00eda que compartimos al dar juntos este hermoso paso.[\/vc_column_text]<div class=\"vcex-spacing wpex-w-100 wpex-clear\" style=\"height:50px;\"><\/div><div class=\"vcex-image-grid-wrap\"><div class=\"vcex-module vcex-image-grid grid-style-default wpex-row wpex-clr wpex-lightbox-group\" data-show_title=\"false\"><div class=\"id-9 vcex-image-grid-entry vcex-grid-item wpex-text-center span_1_of_3 nr-col col-1\"><figure class=\"vcex-image-grid-entry-figure wpex-last-mb-0 wpex-clr\"><div class=\"vcex-image-grid-entry-img entry-media wpex-relative wpex-image-hover grow wpex-mb-20\"><a href=\"https:\/\/boda.photobooth.com.ec\/wp-content\/uploads\/2015\/02\/coupled-1000x563.jpg\" class=\"vcex-image-grid-entry-link wpex-lightbox-group-item\" data-show_title=\"false\"><img width=\"1920\" height=\"1080\" src=\"https:\/\/boda.photobooth.com.ec\/wp-content\/uploads\/2015\/02\/coupled.jpg\" class=\"wpex-aspect-4-3 wpex-object-cover wpex-align-middle\" alt=\"\" loading=\"lazy\" decoding=\"async\" srcset=\"https:\/\/boda.photobooth.com.ec\/wp-content\/uploads\/2015\/02\/coupled.jpg 1920w, https:\/\/boda.photobooth.com.ec\/wp-content\/uploads\/2015\/02\/coupled-1000x563.jpg 1000w\" sizes=\"auto, (max-width: 1920px) 100vw, 1920px\" \/><\/a><\/div><\/figure><\/div><div class=\"id-11 vcex-image-grid-entry vcex-grid-item wpex-text-center span_1_of_3 nr-col col-2\"><figure class=\"vcex-image-grid-entry-figure wpex-last-mb-0 wpex-clr\"><div class=\"vcex-image-grid-entry-img entry-media wpex-relative wpex-image-hover grow wpex-mb-20\"><a href=\"https:\/\/boda.photobooth.com.ec\/wp-content\/uploads\/2015\/02\/girl-1000x563.jpg\" class=\"vcex-image-grid-entry-link wpex-lightbox-group-item\" data-show_title=\"false\"><img width=\"1920\" height=\"1080\" src=\"https:\/\/boda.photobooth.com.ec\/wp-content\/uploads\/2015\/02\/girl.jpg\" class=\"wpex-aspect-4-3 wpex-object-cover wpex-align-middle\" alt=\"\" loading=\"lazy\" decoding=\"async\" srcset=\"https:\/\/boda.photobooth.com.ec\/wp-content\/uploads\/2015\/02\/girl.jpg 1920w, https:\/\/boda.photobooth.com.ec\/wp-content\/uploads\/2015\/02\/girl-1000x563.jpg 1000w\" sizes=\"auto, (max-width: 1920px) 100vw, 1920px\" \/><\/a><\/div><\/figure><\/div><div class=\"id-12 vcex-image-grid-entry vcex-grid-item wpex-text-center span_1_of_3 nr-col col-3\"><figure class=\"vcex-image-grid-entry-figure wpex-last-mb-0 wpex-clr\"><div class=\"vcex-image-grid-entry-img entry-media wpex-relative wpex-image-hover grow wpex-mb-20\"><a href=\"https:\/\/boda.photobooth.com.ec\/wp-content\/uploads\/2015\/02\/girl1-1000x563.jpg\" class=\"vcex-image-grid-entry-link wpex-lightbox-group-item\" data-show_title=\"false\"><img width=\"1920\" height=\"1080\" src=\"https:\/\/boda.photobooth.com.ec\/wp-content\/uploads\/2015\/02\/girl1.jpg\" class=\"wpex-aspect-4-3 wpex-object-cover wpex-align-middle\" alt=\"\" loading=\"lazy\" decoding=\"async\" srcset=\"https:\/\/boda.photobooth.com.ec\/wp-content\/uploads\/2015\/02\/girl1.jpg 1920w, https:\/\/boda.photobooth.com.ec\/wp-content\/uploads\/2015\/02\/girl1-1000x563.jpg 1000w\" sizes=\"auto, (max-width: 1920px) 100vw, 1920px\" \/><\/a><\/div><\/figure><\/div><div class=\"id-13 vcex-image-grid-entry vcex-grid-item wpex-text-center span_1_of_3 nr-col col-1\"><figure class=\"vcex-image-grid-entry-figure wpex-last-mb-0 wpex-clr\"><div class=\"vcex-image-grid-entry-img entry-media wpex-relative wpex-image-hover grow wpex-mb-20\"><a href=\"https:\/\/boda.photobooth.com.ec\/wp-content\/uploads\/2015\/02\/girl2-1000x563.jpg\" class=\"vcex-image-grid-entry-link wpex-lightbox-group-item\" data-show_title=\"false\"><img width=\"1920\" height=\"1080\" src=\"https:\/\/boda.photobooth.com.ec\/wp-content\/uploads\/2015\/02\/girl2.jpg\" class=\"wpex-aspect-4-3 wpex-object-cover wpex-align-middle\" alt=\"\" loading=\"lazy\" decoding=\"async\" srcset=\"https:\/\/boda.photobooth.com.ec\/wp-content\/uploads\/2015\/02\/girl2.jpg 1920w, https:\/\/boda.photobooth.com.ec\/wp-content\/uploads\/2015\/02\/girl2-1000x563.jpg 1000w\" sizes=\"auto, (max-width: 1920px) 100vw, 1920px\" \/><\/a><\/div><\/figure><\/div><div class=\"id-14 vcex-image-grid-entry vcex-grid-item wpex-text-center span_1_of_3 nr-col col-2\"><figure class=\"vcex-image-grid-entry-figure wpex-last-mb-0 wpex-clr\"><div class=\"vcex-image-grid-entry-img entry-media wpex-relative wpex-image-hover grow wpex-mb-20\"><a href=\"https:\/\/boda.photobooth.com.ec\/wp-content\/uploads\/2015\/02\/hands-1000x563.jpg\" class=\"vcex-image-grid-entry-link wpex-lightbox-group-item\" data-show_title=\"false\"><img width=\"1920\" height=\"1080\" src=\"https:\/\/boda.photobooth.com.ec\/wp-content\/uploads\/2015\/02\/hands.jpg\" class=\"wpex-aspect-4-3 wpex-object-cover wpex-align-middle\" alt=\"\" loading=\"lazy\" decoding=\"async\" srcset=\"https:\/\/boda.photobooth.com.ec\/wp-content\/uploads\/2015\/02\/hands.jpg 1920w, https:\/\/boda.photobooth.com.ec\/wp-content\/uploads\/2015\/02\/hands-1000x563.jpg 1000w\" sizes=\"auto, (max-width: 1920px) 100vw, 1920px\" \/><\/a><\/div><\/figure><\/div><div class=\"id-15 vcex-image-grid-entry vcex-grid-item wpex-text-center span_1_of_3 nr-col col-3\"><figure class=\"vcex-image-grid-entry-figure wpex-last-mb-0 wpex-clr\"><div class=\"vcex-image-grid-entry-img entry-media wpex-relative wpex-image-hover grow wpex-mb-20\"><a href=\"https:\/\/boda.photobooth.com.ec\/wp-content\/uploads\/2015\/02\/kiss-1000x563.jpg\" class=\"vcex-image-grid-entry-link wpex-lightbox-group-item\" data-show_title=\"false\"><img width=\"1920\" height=\"1080\" src=\"https:\/\/boda.photobooth.com.ec\/wp-content\/uploads\/2015\/02\/kiss.jpg\" class=\"wpex-aspect-4-3 wpex-object-cover wpex-align-middle\" alt=\"\" loading=\"lazy\" decoding=\"async\" srcset=\"https:\/\/boda.photobooth.com.ec\/wp-content\/uploads\/2015\/02\/kiss.jpg 1920w, https:\/\/boda.photobooth.com.ec\/wp-content\/uploads\/2015\/02\/kiss-1000x563.jpg 1000w\" sizes=\"auto, (max-width: 1920px) 100vw, 1920px\" \/><\/a><\/div><\/figure><\/div><\/div><\/div>[\/vc_column][\/vc_row][vc_row full_width=\u00bbstretch_row\u00bb full_height=\u00bbyes\u00bb css=\u00bb.vc_custom_1489539490261{padding-top: 100px !important;padding-bottom: 70px !important;}\u00bb local_scroll_id=\u00bbwhich\u00bb][vc_column]<style>.vcex-heading.vcex_69ff3017aac19{color:#413028;font-size:48px;font-family:Oswald;font-weight:600;}<\/style><div class=\"vcex-heading vcex-heading-plain vcex-module wpex-heading wpex-text-2xl wpex-text-center vcex_69ff3017aac19\"><span class=\"vcex-heading-inner wpex-inline-block\">REGISTRO<\/span><\/div><style>.vcex-heading.vcex_69ff3017ab96c{color:#fe8b6e;font-size:24px;font-family:Oswald;font-weight:400;}<\/style><div class=\"vcex-heading vcex-heading-plain vcex-module wpex-heading wpex-text-2xl wpex-text-center vcex_69ff3017ab96c\"><span class=\"vcex-heading-inner wpex-inline-block\">\u00a1C\u00d3MPRANOS ALGO LINDO!<\/span><\/div><div class=\"vcex-spacing wpex-w-100 wpex-clear\"><\/div><style class=\"vcex-carousel-preload-css\">.vcex_69ff3017adca8{--wpex-carousel-gap:15px;}.vcex_69ff3017adca8{--wpex-carousel-columns:1;}.vcex_69ff3017adca8.wpex-carousel:not(.wpex-carousel--loaded) > *:not(:nth-child(1n+2)){display: flex !important;}@media only screen and (min-width: 480px) {.vcex_69ff3017adca8{--wpex-carousel-columns:2;}.vcex_69ff3017adca8.wpex-carousel:not(.wpex-carousel--loaded) > *:not(:nth-child(1n+3)){display: flex !important;}}@media only screen and (min-width: 768px) {.vcex_69ff3017adca8{--wpex-carousel-columns:3;}.vcex_69ff3017adca8.wpex-carousel:not(.wpex-carousel--loaded) > *:not(:nth-child(1n+4)){display: flex !important;}}@media only screen and (min-width: 960px) {.vcex_69ff3017adca8{--wpex-carousel-columns:3;}.vcex_69ff3017adca8.wpex-carousel:not(.wpex-carousel--loaded) > *:not(:nth-child(1n+4)){display: flex !important;}}<\/style><div class=\"vcex-image-carousel wpex-carousel wpex-carousel-images wpex-clr vcex-module owl-carousel wpex-carousel--render-onload vcex_69ff3017adca8\" data-wpex-carousel=\"{&quot;nav&quot;:&quot;false&quot;,&quot;dots&quot;:&quot;true&quot;,&quot;slideBy&quot;:1,&quot;items&quot;:3,&quot;responsive&quot;:{&quot;0&quot;:{&quot;items&quot;:&quot;1&quot;},&quot;480&quot;:{&quot;items&quot;:&quot;2&quot;},&quot;768&quot;:{&quot;items&quot;:&quot;3&quot;},&quot;960&quot;:{&quot;items&quot;:3}}}\"><div class=\"wpex-carousel-slide\"><figure class=\"wpex-carousel-entry-media entry-media wpex-relative\"><img width=\"500\" height=\"251\" src=\"https:\/\/boda.photobooth.com.ec\/wp-content\/uploads\/2015\/05\/birkenhead-apparel.png\" class=\"wpex-align-middle skip-lazy\" alt=\"\" data-no-lazy=\"1\" \/><\/figure><\/div><div class=\"wpex-carousel-slide\"><figure class=\"wpex-carousel-entry-media entry-media wpex-relative\"><img width=\"500\" height=\"251\" src=\"https:\/\/boda.photobooth.com.ec\/wp-content\/uploads\/2015\/05\/piano-rooms.png\" class=\"wpex-align-middle skip-lazy\" alt=\"\" data-no-lazy=\"1\" \/><\/figure><\/div><div class=\"wpex-carousel-slide\"><figure class=\"wpex-carousel-entry-media entry-media wpex-relative\"><img width=\"500\" height=\"251\" src=\"https:\/\/boda.photobooth.com.ec\/wp-content\/uploads\/2015\/05\/westland-beer.png\" class=\"wpex-align-middle skip-lazy\" alt=\"\" data-no-lazy=\"1\" \/><\/figure><\/div><div class=\"wpex-carousel-slide\"><figure class=\"wpex-carousel-entry-media entry-media wpex-relative\"><img width=\"500\" height=\"251\" src=\"https:\/\/boda.photobooth.com.ec\/wp-content\/uploads\/2015\/05\/cramwell-meats.png\" class=\"wpex-align-middle skip-lazy\" alt=\"\" data-no-lazy=\"1\" \/><\/figure><\/div><div class=\"wpex-carousel-slide\"><figure class=\"wpex-carousel-entry-media entry-media wpex-relative\"><img width=\"500\" height=\"251\" src=\"https:\/\/boda.photobooth.com.ec\/wp-content\/uploads\/2015\/05\/harringtons.png\" class=\"wpex-align-middle skip-lazy\" alt=\"\" data-no-lazy=\"1\" \/><\/figure><\/div><\/div>[\/vc_column][\/vc_row][vc_row full_width=\u00bbstretch_row\u00bb full_height=\u00bbyes\u00bb el_class=\u00bblight-form\u00bb css=\u00bb.vc_custom_1489539494119{padding-top: 100px !important;padding-bottom: 70px !important;background-color: #43322b !important;}\u00bb local_scroll_id=\u00bbrsvp\u00bb][vc_column]<style>.vcex-heading.vcex_69ff3017aee39{color:#ffffff;font-size:48px;font-family:Oswald;}<\/style><div class=\"vcex-heading vcex-heading-plain vcex-module wpex-heading wpex-text-2xl wpex-text-center vcex_69ff3017aee39\"><span class=\"vcex-heading-inner wpex-inline-block\">RSVP<\/span><\/div><style>.vcex-heading.vcex_69ff3017afb68{color:#fe8b6e;font-size:24px;font-family:Oswald;font-weight:400;}<\/style><div class=\"vcex-heading vcex-heading-plain vcex-module wpex-heading wpex-text-2xl wpex-text-center vcex_69ff3017afb68\"><span class=\"vcex-heading-inner wpex-inline-block\">NO PODEMOS ESPERAR PARA VERTE<\/span><\/div><div class=\"vcex-spacing wpex-w-100 wpex-clear\"><\/div><div class=\"vcex-contact-form\" data-ajaxurl=\"https:\/\/boda.photobooth.com.ec\/wp-admin\/admin-ajax.php\" data-notice-success=\"Thank you for the message. We will respond as soon as possible.\" data-notice-error=\"Some errors occurred.\" data-recaptcha=\"\" data-nonce=\"437b371a92\"><form class=\"vcex-contact-form__form\"><div class=\"vcex-contact-form__fields wpex-mb-15 wpex-flex wpex-gap-20 wpex-flex-wrap\"><div class=\"vcex-contact-form__name wpex-flex-grow\"><label class=\"screen-reader-text\" for=\"vcex-contact-form__69ff3017b0e03-name\">Your Name<\/label><input class=\"vcex-contact-form__input wpex-w-100\" type=\"text\" id=\"vcex-contact-form__69ff3017b0e03-name\" name=\"vcex_cf_name\" required placeholder=\"Your Name\"><\/div><div class=\"vcex-contact-form__email wpex-flex-grow\"><label class=\"screen-reader-text\" for=\"vcex-contact-form__69ff3017b0e03-email\">Your Email<\/label><input class=\"vcex-contact-form__input wpex-w-100\" type=\"email\" id=\"vcex-contact-form__69ff3017b0e03-email\" name=\"vcex_cf_email\" required placeholder=\"Your Email\"><\/div><\/div><div class=\"vcex-contact-form__message wpex-mb-15\"><label class=\"screen-reader-text\" for=\"vcex-contact-form__69ff3017b0e03-message\">Type your message here...<\/label><textarea rows=\"8\" class=\"vcex-contact-form__textarea wpex-align-top wpex-w-100\" id=\"vcex-contact-form__69ff3017b0e03-message\" name=\"vcex_cf_message\" required placeholder=\"Type your message here...\"><\/textarea><\/div><button class=\"vcex-contact-form__submit vcex-contact-form__submit--full theme-button\">Submit<\/button><div class=\"vcex-contact-form__spinner wpex-mt-15 wpex-hidden\"><svg height=\"20\" width=\"20\" viewBox=\"0 0 36 36\" xmlns=\"http:\/\/www.w3.org\/2000\/svg\"><circle cx=\"18\" cy=\"18\" r=\"18\" fill=\"#a2a2a2\" fill-opacity=\".5\"\/><circle cx=\"18\" cy=\"8\" r=\"4\" fill=\"#fff\"><animateTransform attributeName=\"transform\" dur=\"1100ms\" from=\"0 18 18\" repeatCount=\"indefinite\" to=\"360 18 18\" type=\"rotate\"\/><\/circle><\/svg><\/div><div class=\"vcex-contact-form__notice wpex-hidden wpex-alert wpex-mt-15 wpex-mb-0\"><\/div><\/form><div class=\"vcex-contact-form__overlay wpex-hidden\"><\/div><\/div>[\/vc_column][\/vc_row]\n<\/div>","protected":false},"excerpt":{"rendered":"<p>[vc_row full_width=\u00bbstretch_row\u00bb full_height=\u00bbyes\u00bb bg_style=\u00bbstretch\u00bb css=\u00bb.vc_custom_1546919258676{padding-top: 250px !important;padding-bottom: 220px !important;background: #413028 url(https:\/\/boda.photobooth.com.ec\/wp-content\/uploads\/2015\/02\/wed1.jpg?id=7) !important;background-position: center !important;background-repeat: no-repeat !important;background-size: cover !important;}\u00bb local_scroll_id=\u00bbwhat\u00bb][vc_column][vc_custom_heading text=\u00bbMARTINA &amp; FELIPE\u00bb font_container=\u00bbtag:h2|font_size:24px|text_align:center|color:%23fe8b6e\u00bb google_fonts=\u00bbfont_family:Oswald%3A300%2Cregular%2C700|font_style:400%20regular%3A400%3Anormal\u00bb css=\u00bb\u00bb enqueue_font_style=\u00bbfalse\u00bb][vc_column_text css=\u00bb\u00bb color=\u00bb#eaeaea\u00bb] .Manta.Ecuador [\/vc_column_text][\/vc_column][\/vc_row][vc_row full_width=\u00bbstretch_row\u00bb full_height=\u00bbyes\u00bb css=\u00bb.vc_custom_1489539469223{padding-top: 100px !important;padding-bottom: 70px !important;}\u00bb local_scroll_id=\u00bbwhy\u00bb][vc_column][vc_column_text css=\u00bb\u00bb text_align=\u00bbcenter\u00bb el_class=\u00bbwpex-text-pretty\u00bb]Nuestra historia de amor comenz\u00f3 de la manera m\u00e1s inesperada, demostrando que el destino siempre&hellip;<\/p>\n","protected":false},"author":1,"featured_media":0,"parent":0,"menu_order":0,"comment_status":"closed","ping_status":"closed","template":"","meta":{"footnotes":""},"class_list":["post-2","page","type-page","status-publish","hentry","entry","no-media"],"_links":{"self":[{"href":"https:\/\/boda.photobooth.com.ec\/index.php?rest_route=\/wp\/v2\/pages\/2","targetHints":{"allow":["GET"]}}],"collection":[{"href":"https:\/\/boda.photobooth.com.ec\/index.php?rest_route=\/wp\/v2\/pages"}],"about":[{"href":"https:\/\/boda.photobooth.com.ec\/index.php?rest_route=\/wp\/v2\/types\/page"}],"author":[{"embeddable":true,"href":"https:\/\/boda.photobooth.com.ec\/index.php?rest_route=\/wp\/v2\/users\/1"}],"replies":[{"embeddable":true,"href":"https:\/\/boda.photobooth.com.ec\/index.php?rest_route=%2Fwp%2Fv2%2Fcomments&post=2"}],"version-history":[{"count":4,"href":"https:\/\/boda.photobooth.com.ec\/index.php?rest_route=\/wp\/v2\/pages\/2\/revisions"}],"predecessor-version":[{"id":52,"href":"https:\/\/boda.photobooth.com.ec\/index.php?rest_route=\/wp\/v2\/pages\/2\/revisions\/52"}],"wp:attachment":[{"href":"https:\/\/boda.photobooth.com.ec\/index.php?rest_route=%2Fwp%2Fv2%2Fmedia&parent=2"}],"curies":[{"name":"wp","href":"https:\/\/api.w.org\/{rel}","templated":true}]}}